{"id":38368,"date":"2021-12-29T16:20:04","date_gmt":"2021-12-29T08:20:04","guid":{"rendered":"https:\/\/ikala.cloud\/about\/"},"modified":"2024-04-26T17:41:30","modified_gmt":"2024-04-26T09:41:30","slug":"about","status":"publish","type":"page","link":"https:\/\/ikala.cloud\/vi\/about","title":{"rendered":"About Us"},"content":{"rendered":"\t\t<div data-elementor-type=\"wp-page\" data-elementor-id=\"38368\" class=\"elementor elementor-38368 elementor-1522\">\n\t\t\t\t\t\t\t\t\t<section class=\"elementor-section elementor-top-section elementor-element elementor-element-8979dba elementor-section-full_width elementor-section-height-default elementor-section-height-default\" data-id=\"8979dba\" data-element_type=\"section\" data-settings=\"{&quot;background_background&quot;:&quot;classic&quot;}\">\n\t\t\t\t\t\t\t<div class=\"elementor-background-overlay\"><\/div>\n\t\t\t\t\t\t\t<div class=\"elementor-container elementor-column-gap-default\">\n\t\t\t\t\t<div class=\"elementor-column elementor-col-100 elementor-top-column elementor-element elementor-element-9e7027f\" data-id=\"9e7027f\" data-element_type=\"column\">\n\t\t\t<div class=\"elementor-widget-wrap elementor-element-populated\">\n\t\t\t\t\t\t\t\t<section class=\"elementor-section elementor-inner-section elementor-element elementor-element-75474ac elementor-section-boxed elementor-section-height-default elementor-section-height-default\" data-id=\"75474ac\" data-element_type=\"section\">\n\t\t\t\t\t\t<div class=\"elementor-container elementor-column-gap-default\">\n\t\t\t\t\t<div class=\"elementor-column elementor-col-100 elementor-inner-column elementor-element elementor-element-3c7bfba\" data-id=\"3c7bfba\" data-element_type=\"column\">\n\t\t\t<div class=\"elementor-widget-wrap elementor-element-populated\">\n\t\t\t\t\t\t\t\t<div class=\"elementor-element elementor-element-72274a7 elementor-widget elementor-widget-heading\" data-id=\"72274a7\" data-element_type=\"widget\" data-widget_type=\"heading.default\">\n\t\t\t\t<div class=\"elementor-widget-container\">\n\t\t\t<style>\/*! elementor - v3.7.1 - 14-08-2022 *\/\n.elementor-heading-title{padding:0;margin:0;line-height:1}.elementor-widget-heading .elementor-heading-title[class*=elementor-size-]>a{color:inherit;font-size:inherit;line-height:inherit}.elementor-widget-heading .elementor-heading-title.elementor-size-small{font-size:15px}.elementor-widget-heading .elementor-heading-title.elementor-size-medium{font-size:19px}.elementor-widget-heading .elementor-heading-title.elementor-size-large{font-size:29px}.elementor-widget-heading .elementor-heading-title.elementor-size-xl{font-size:39px}.elementor-widget-heading .elementor-heading-title.elementor-size-xxl{font-size:59px}<\/style><h2 class=\"elementor-heading-title elementor-size-default\">V\u1ec1 iKala Cloud<\/h2>\t\t<\/div>\n\t\t\t\t<\/div>\n\t\t\t\t<div class=\"elementor-element elementor-element-9d7cf9a elementor-widget elementor-widget-text-editor\" data-id=\"9d7cf9a\" data-element_type=\"widget\" data-widget_type=\"text-editor.default\">\n\t\t\t\t<div class=\"elementor-widget-container\">\n\t\t\t<style>\/*! elementor - v3.7.1 - 14-08-2022 *\/\n.elementor-widget-text-editor.elementor-drop-cap-view-stacked .elementor-drop-cap{background-color:#818a91;color:#fff}.elementor-widget-text-editor.elementor-drop-cap-view-framed .elementor-drop-cap{color:#818a91;border:3px solid;background-color:transparent}.elementor-widget-text-editor:not(.elementor-drop-cap-view-default) .elementor-drop-cap{margin-top:8px}.elementor-widget-text-editor:not(.elementor-drop-cap-view-default) .elementor-drop-cap-letter{width:1em;height:1em}.elementor-widget-text-editor .elementor-drop-cap{float:left;text-align:center;line-height:1;font-size:50px}.elementor-widget-text-editor .elementor-drop-cap-letter{display:inline-block}<\/style>\t\t\t\t\t\t\t\t\t\t<\/div>\n\t\t\t\t<\/div>\n\t\t\t\t\t<\/div>\n\t\t<\/div>\n\t\t\t\t\t\t\t<\/div>\n\t\t<\/section>\n\t\t\t\t\t<\/div>\n\t\t<\/div>\n\t\t\t\t\t\t\t<\/div>\n\t\t<\/section>\n\t\t\t\t<section class=\"elementor-section elementor-top-section elementor-element elementor-element-bd47a34 elementor-section-boxed elementor-section-height-default elementor-section-height-default\" data-id=\"bd47a34\" data-element_type=\"section\">\n\t\t\t\t\t\t<div class=\"elementor-container elementor-column-gap-default\">\n\t\t\t\t\t<div class=\"elementor-column elementor-col-100 elementor-top-column elementor-element elementor-element-6e3505c\" data-id=\"6e3505c\" data-element_type=\"column\">\n\t\t\t<div class=\"elementor-widget-wrap elementor-element-populated\">\n\t\t\t\t\t\t\t\t<div class=\"elementor-element elementor-element-6563756 elementor-widget elementor-widget-html\" data-id=\"6563756\" data-element_type=\"widget\" data-widget_type=\"html.default\">\n\t\t\t\t<div class=\"elementor-widget-container\">\n\t\t\t<div class=\"aioseo-breadcrumbs\"><span class=\"aioseo-breadcrumb\">\n\tiKala Cloud\n<\/span><\/div>\t\t<\/div>\n\t\t\t\t<\/div>\n\t\t\t\t\t<\/div>\n\t\t<\/div>\n\t\t\t\t\t\t\t<\/div>\n\t\t<\/section>\n\t\t\t\t<section class=\"elementor-section elementor-top-section elementor-element elementor-element-b3a1016 elementor-hidden-tablet elementor-hidden-mobile elementor-section-boxed elementor-section-height-default elementor-section-height-default\" data-id=\"b3a1016\" data-element_type=\"section\" data-settings=\"{&quot;background_background&quot;:&quot;classic&quot;}\">\n\t\t\t\t\t\t<div class=\"elementor-container elementor-column-gap-default\">\n\t\t\t\t\t<div class=\"elementor-column elementor-col-100 elementor-top-column elementor-element elementor-element-20c1bec\" data-id=\"20c1bec\" data-element_type=\"column\">\n\t\t\t<div class=\"elementor-widget-wrap elementor-element-populated\">\n\t\t\t\t\t\t\t\t<div class=\"elementor-element elementor-element-f2fcf6c elementor-absolute elementor-widget elementor-widget-image\" data-id=\"f2fcf6c\" data-element_type=\"widget\" data-settings=\"{&quot;_position&quot;:&quot;absolute&quot;}\" data-widget_type=\"image.default\">\n\t\t\t\t<div class=\"elementor-widget-container\">\n\t\t\t<style>\/*! elementor - v3.7.1 - 14-08-2022 *\/\n.elementor-widget-image{text-align:center}.elementor-widget-image a{display:inline-block}.elementor-widget-image a img[src$=\".svg\"]{width:48px}.elementor-widget-image img{vertical-align:middle;display:inline-block}<\/style>\t\t\t\t\t\t\t\t\t\t\t\t<img width=\"1024\" height=\"1024\" src=\"https:\/\/ikala.cloud\/wp-content\/uploads\/2021\/12\/backgeound-02@3x-1024x1024.png\" class=\"attachment-large size-large\" alt=\"\" srcset=\"https:\/\/ikala.cloud\/wp-content\/uploads\/2021\/12\/backgeound-02@3x-1024x1024.png 1024w, https:\/\/ikala.cloud\/wp-content\/uploads\/2021\/12\/backgeound-02@3x-300x300.png 300w, https:\/\/ikala.cloud\/wp-content\/uploads\/2021\/12\/backgeound-02@3x-150x150.png 150w, https:\/\/ikala.cloud\/wp-content\/uploads\/2021\/12\/backgeound-02@3x-768x768.png 768w, https:\/\/ikala.cloud\/wp-content\/uploads\/2021\/12\/backgeound-02@3x-1536x1536.png 1536w, https:\/\/ikala.cloud\/wp-content\/uploads\/2021\/12\/backgeound-02@3x-2048x2048.png 2048w\" sizes=\"(max-width: 1024px) 100vw, 1024px\" \/>\t\t\t\t\t\t\t\t\t\t\t\t\t\t\t<\/div>\n\t\t\t\t<\/div>\n\t\t\t\t<div class=\"elementor-element elementor-element-2c80d56 elementor-absolute elementor-widget elementor-widget-image\" data-id=\"2c80d56\" data-element_type=\"widget\" data-settings=\"{&quot;_position&quot;:&quot;absolute&quot;}\" data-widget_type=\"image.default\">\n\t\t\t\t<div class=\"elementor-widget-container\">\n\t\t\t\t\t\t\t\t\t\t\t\t\t\t\t<img width=\"1024\" height=\"1024\" src=\"https:\/\/ikala.cloud\/wp-content\/uploads\/2021\/12\/backgeound-02@3x-1024x1024.png\" class=\"attachment-large size-large\" alt=\"\" srcset=\"https:\/\/ikala.cloud\/wp-content\/uploads\/2021\/12\/backgeound-02@3x-1024x1024.png 1024w, https:\/\/ikala.cloud\/wp-content\/uploads\/2021\/12\/backgeound-02@3x-300x300.png 300w, https:\/\/ikala.cloud\/wp-content\/uploads\/2021\/12\/backgeound-02@3x-150x150.png 150w, https:\/\/ikala.cloud\/wp-content\/uploads\/2021\/12\/backgeound-02@3x-768x768.png 768w, https:\/\/ikala.cloud\/wp-content\/uploads\/2021\/12\/backgeound-02@3x-1536x1536.png 1536w, https:\/\/ikala.cloud\/wp-content\/uploads\/2021\/12\/backgeound-02@3x-2048x2048.png 2048w\" sizes=\"(max-width: 1024px) 100vw, 1024px\" \/>\t\t\t\t\t\t\t\t\t\t\t\t\t\t\t<\/div>\n\t\t\t\t<\/div>\n\t\t\t\t\t<\/div>\n\t\t<\/div>\n\t\t\t\t\t\t\t<\/div>\n\t\t<\/section>\n\t\t\t\t<section class=\"elementor-section elementor-top-section elementor-element elementor-element-f063dc2 elementor-section-boxed elementor-section-height-default elementor-section-height-default\" data-id=\"f063dc2\" data-element_type=\"section\" data-settings=\"{&quot;background_background&quot;:&quot;classic&quot;}\">\n\t\t\t\t\t\t<div class=\"elementor-container elementor-column-gap-wider\">\n\t\t\t\t\t<div class=\"elementor-column elementor-col-100 elementor-top-column elementor-element elementor-element-1e2d19a\" data-id=\"1e2d19a\" data-element_type=\"column\">\n\t\t\t<div class=\"elementor-widget-wrap elementor-element-populated\">\n\t\t\t\t\t\t\t\t<section class=\"elementor-section elementor-inner-section elementor-element elementor-element-f58b643 elementor-section-boxed elementor-section-height-default elementor-section-height-default\" data-id=\"f58b643\" data-element_type=\"section\">\n\t\t\t\t\t\t<div class=\"elementor-container elementor-column-gap-default\">\n\t\t\t\t\t<div class=\"elementor-column elementor-col-100 elementor-inner-column elementor-element elementor-element-338a1c4\" data-id=\"338a1c4\" data-element_type=\"column\">\n\t\t\t<div class=\"elementor-widget-wrap elementor-element-populated\">\n\t\t\t\t\t\t\t\t<div class=\"elementor-element elementor-element-6d4507f uael-heading-align-center elementor-widget elementor-widget-uael-advanced-heading\" data-id=\"6d4507f\" data-element_type=\"widget\" data-widget_type=\"uael-advanced-heading.default\">\n\t\t\t\t<div class=\"elementor-widget-container\">\n\t\t\t\n\t\t<div class=\"uael-module-content uael-heading-wrapper\">\n\t\t\t\t\t\t\n\t\t\t<h2 class=\"uael-heading\">\n\t\t\t\t\t\t\t\t\t\t<span class=\"uael-heading-text elementor-inline-editing uael-size--default\" data-elementor-setting-key=\"heading_title\" data-elementor-inline-editing-toolbar=\"basic\">T\u1ea1i sao iKala Cloud l\u00e0 l\u1ef1a ch\u1ecdn t\u1ed1t nh\u1ea5t cho b\u1ea1n?<\/span>\n\t\t\t\t\t\t\t<\/h2>\n\n\t\t\t\n\t\t\t\t\t\t<div class=\"uael-module-content uael-separator-parent\">\n\t\t\t\t\t\t\t\t\t\t\t\t\t<div class=\"uael-separator\"><\/div>\n\t\t\t\t\t\t\t<\/div>\n\t\t\t\n\t\t\t\n\t\t\t\t\t\t<\/div>\n\t\t\t\t<\/div>\n\t\t\t\t<\/div>\n\t\t\t\t<div class=\"elementor-element elementor-element-a706c41 elementor-widget elementor-widget-text-editor\" data-id=\"a706c41\" data-element_type=\"widget\" data-widget_type=\"text-editor.default\">\n\t\t\t\t<div class=\"elementor-widget-container\">\n\t\t\t\t\t\t\t<p style=\"margin-right: 0cm; margin-left: 0cm; font-size: 12pt; font-family: 'Times New Roman', serif; color: #000000; font-style: normal; font-weight: 400; letter-spacing: normal;\">iKala Cloud l\u00e0 \u0111\u1ed1i t\u00e1c t\u1ed1t nh\u1ea5t cho c\u00e1c doanh nghi\u1ec7p tham gia trong qu\u00e1 tr\u00ecnh bi\u1ebfn \u0111\u1ed5i s\u1ed1. Trong nhi\u1ec1u n\u0103m, iKala Cloud \u0111\u00e3 t\u00edch c\u1ef1c tham gia trong l\u0129nh v\u1ef1c c\u00f4ng ngh\u1ec7 \u0110\u00e1m m\u00e2y (Cloud) v\u00e0 Tr\u00ed tu\u1ec7 nh\u00e2n t\u1ea1o. Ch\u00fang t\u00f4i \u0111\u00e3 th\u00e0nh c\u00f4ng trong vi\u1ec7c h\u1ed7 tr\u1ee3 kh\u00e1ch h\u00e0ng doanh nghi\u1ec7p x\u00e2y d\u1ef1ng ki\u1ebfn tr\u00fac c\u00f4ng ngh\u1ec7 th\u00f4ng tin \u0111\u00e1m m\u00e2y hi\u1ec7n \u0111\u1ea1i, ho\u00e0n thi\u1ec7n qu\u00e1 tr\u00ecnh chuy\u1ec3n \u0111\u1ed5i s\u1ed1, cung c\u1ea5p c\u00e1c gi\u1ea3i ph\u00e1p Tr\u00ed tu\u1ec7 nh\u00e2n t\u1ea1o, n\u00e2ng cao hi\u1ec7u su\u1ea5t ho\u1ea1t \u0111\u1ed9ng c\u1ee7a doanh nghi\u1ec7p, t\u1ea1o ra c\u00e1c m\u00f4 h\u00ecnh kinh doanh d\u1ef1a tr\u00ean d\u1eef li\u1ec7u, v\u00e0 thi\u1ebft l\u1eadp \u01b0u th\u1ebf c\u1ea1nh tranh d\u00e0i h\u1ea1n.<\/p><p>\u00a0<\/p><p style=\"margin-right: 0cm; margin-left: 0cm; font-size: 12pt; font-family: 'Times New Roman', serif; color: #000000; font-style: normal; font-weight: 400; letter-spacing: normal;\"><span data-sheets-value=\"{&quot;1&quot;:2,&quot;2&quot;:&quot;Ch\u00fang t\u00f4i cung c\u1ea5p d\u1ecbch v\u1ee5 to\u00e0n di\u1ec7n, t\u1eadp trung v\u00e0o kh\u00e1ch h\u00e0ng, bao g\u1ed3m \\&quot;N\u1ec1n t\u1ea3ng D\u1eef li\u1ec7u Kh\u00e1ch h\u00e0ng iKala (CDP)\\&quot; v\u00e0 \\&quot;H\u1ea1 t\u1ea7ng \u0110\u00e1m m\u00e2y,\\&quot; ch\u00fang t\u00f4i ph\u1ee5c v\u1ee5 h\u01a1n 400 kh\u00e1ch h\u00e0ng doanh nghi\u1ec7p, bao g\u1ed3m c\u00e1c l\u0129nh v\u1ef1c nh\u01b0 tr\u00f2 ch\u01a1i, truy\u1ec1n th\u00f4ng, b\u00e1n l\u1ebb v\u00e0 th\u01b0\u01a1ng m\u1ea1i \u0111i\u1ec7n t\u1eed, s\u1ea3n xu\u1ea5t v\u00e0 t\u00e0i ch\u00ednh, v\u00e0 ch\u00fang t\u00f4i c\u00f3 m\u1eb7t t\u1ea1i \u0110\u00e0i Loan, H\u1ed3ng K\u00f4ng v\u00e0 Nh\u1eadt B\u1ea3n.&quot;}\" data-sheets-userformat=\"{&quot;2&quot;:929,&quot;3&quot;:{&quot;1&quot;:0},&quot;8&quot;:{&quot;1&quot;:[{&quot;1&quot;:2,&quot;2&quot;:0,&quot;5&quot;:{&quot;1&quot;:2,&quot;2&quot;:0}},{&quot;1&quot;:0,&quot;2&quot;:0,&quot;3&quot;:3},{&quot;1&quot;:1,&quot;2&quot;:0,&quot;4&quot;:3}]},&quot;10&quot;:0,&quot;11&quot;:4,&quot;12&quot;:0}\">Ch\u00fang t\u00f4i cung c\u1ea5p d\u1ecbch v\u1ee5 to\u00e0n di\u1ec7n, t\u1eadp trung v\u00e0o kh\u00e1ch h\u00e0ng, bao g\u1ed3m &#8220;N\u1ec1n t\u1ea3ng D\u1eef li\u1ec7u Kh\u00e1ch h\u00e0ng iKala (CDP)&#8221; v\u00e0 &#8220;H\u1ea1 t\u1ea7ng \u0111\u00e1m m\u00e2y&#8221;. Ch\u00fang t\u00f4i \u0111\u00e3 ph\u1ee5c v\u1ee5 h\u01a1n 1000 kh\u00e1ch h\u00e0ng doanh nghi\u1ec7p, v\u1edbi nhi\u1ec1u l\u0129nh v\u1ef1c nh\u01b0 tr\u00f2 ch\u01a1i, truy\u1ec1n th\u00f4ng, b\u00e1n l\u1ebb v\u00e0 th\u01b0\u01a1ng m\u1ea1i \u0111i\u1ec7n t\u1eed, s\u1ea3n xu\u1ea5t v\u00e0 t\u00e0i ch\u00ednh. Hi\u1ec7n t\u1ea1i ch\u00fang t\u00f4i \u0111\u00e3 c\u00f3 m\u1eb7t t\u1ea1i \u0110\u00e0i Loan, H\u1ed3ng K\u00f4ng v\u00e0 Nh\u1eadt B\u1ea3n.<\/span><\/p><p>\u00a0<\/p><p><span style=\"color: #000000; letter-spacing: normal; font-size: 12pt;\"><span data-sheets-value=\"{&quot;1&quot;:2,&quot;2&quot;:&quot;\u0110\u1ed9i ng\u0169 c\u1ee7a iKala Cloud g\u1ed3m h\u01a1n 50 chuy\u00ean gia d\u1ecbch v\u1ee5 \u0111\u00e1m m\u00e2y v\u00e0 nh\u00e0 khoa h\u1ecdc d\u1eef li\u1ec7u, \u0111\u00e3 \u0111\u1ea1t \u0111\u01b0\u1ee3c h\u01a1n 60 ch\u1ee9ng ch\u1ec9 chuy\u00ean nghi\u1ec7p v\u1ec1 c\u00f4ng ngh\u1ec7 \u0111\u00e1m m\u00e2y trong c\u00e1c l\u0129nh v\u1ef1c nh\u01b0 c\u01a1 s\u1edf h\u1ea1 t\u1ea7ng, ph\u00e2n t\u00edch d\u1eef li\u1ec7u, h\u1ecdc m\u00e1y v\u00e0 ph\u00e2n t\u00edch ti\u1ebfp th\u1ecb. \u0110\u1ed9i ng\u0169 \u0111\u00e3 \u0111\u01b0\u1ee3c trang b\u1ecb kinh nghi\u1ec7m th\u1ef1c t\u1ebf s\u00e2u r\u1ed9 trong ph\u00e1t tri\u1ec3n s\u1ea3n ph\u1ea9m v\u00e0 qu\u00e1 tr\u00ecnh chuy\u1ec3n \u0111\u1ed5i \u0111\u1ec3 di chuy\u1ec3n l\u00ean \u0111\u00e1m m\u00e2y. D\u1ecbch v\u1ee5 xu\u1ea5t s\u1eafc v\u00e0 kh\u1ea3 n\u0103ng k\u1ef9 thu\u1eadt c\u1ee7a \u0111\u1ed9i ng\u0169 \u0111\u00e3 nh\u1eadn \u0111\u01b0\u1ee3c \u0111\u00e1nh gi\u00e1 cao; ch\u00fang t\u00f4i c\u00f3 th\u1ec3 cung c\u1ea5p cho b\u1ea1n d\u1ecbch v\u1ee5 k\u1ef9 thu\u1eadt t\u00f9y ch\u1ec9nh v\u1eefng ch\u1eafc.&quot;}\" data-sheets-userformat=\"{&quot;2&quot;:929,&quot;3&quot;:{&quot;1&quot;:0},&quot;8&quot;:{&quot;1&quot;:[{&quot;1&quot;:2,&quot;2&quot;:0,&quot;5&quot;:{&quot;1&quot;:2,&quot;2&quot;:0}},{&quot;1&quot;:0,&quot;2&quot;:0,&quot;3&quot;:3},{&quot;1&quot;:1,&quot;2&quot;:0,&quot;4&quot;:3}]},&quot;10&quot;:0,&quot;11&quot;:4,&quot;12&quot;:0}\">\u0110\u1ed9i ng\u0169 c\u1ee7a iKala Cloud g\u1ed3m h\u01a1n 50 chuy\u00ean gia d\u1ecbch v\u1ee5 \u0111\u00e1m m\u00e2y v\u00e0 nh\u00e0 khoa h\u1ecdc d\u1eef li\u1ec7u, \u0111\u00e3 \u0111\u1ea1t \u0111\u01b0\u1ee3c h\u01a1n 60 ch\u1ee9ng ch\u1ec9 chuy\u00ean nghi\u1ec7p v\u1ec1 c\u00f4ng ngh\u1ec7 \u0111\u00e1m m\u00e2y trong c\u00e1c l\u0129nh v\u1ef1c nh\u01b0 c\u01a1 s\u1edf h\u1ea1 t\u1ea7ng, ph\u00e2n t\u00edch d\u1eef li\u1ec7u, h\u1ecdc m\u00e1y v\u00e0 ph\u00e2n t\u00edch Marketing. \u0110\u1ed9i ng\u0169 c\u1ee7a ch\u00fang t\u00f4i \u0111\u01b0\u1ee3c trang b\u1ecb kinh nghi\u1ec7m th\u1ef1c t\u1ebf s\u00e2u r\u1ed9ng v\u1ec1 ph\u00e1t tri\u1ec3n s\u1ea3n ph\u1ea9m v\u00e0 qu\u00e1 tr\u00ecnh chuy\u1ec3n \u0111\u1ed5i l\u00ean c\u00f4ng ngh\u1ec7 \u0111\u00e1m m\u00e2y. \u0110\u1ed9i ng\u0169 \u0111\u00e3 nh\u1eadn \u0111\u01b0\u1ee3c nhi\u1ec1u \u0111\u00e1nh gi\u00e1 cao v\u1ec1 d<\/span>\u1ecbch v\u1ee5 xu\u1ea5t s\u1eafc v\u00e0 kh\u1ea3 n\u0103ng k\u1ef9 thu\u1eadt<span style=\"font-style: inherit; font-weight: inherit;\">; ch\u00fang t\u00f4i c\u00f3 th\u1ec3 cung c\u1ea5p c\u00e1c d\u1ecbch v\u1ee5 k\u1ef9 thu\u1eadt v\u1eefng ch\u1eafc<\/span><\/span><span style=\"color: #000000; font-size: 16px; letter-spacing: normal;\">\u00a0theo y\u00eau c\u1ea7u tu\u1ef3 ch\u1ecdn c\u1ee7a doanh nghi\u1ec7p.<\/span><\/p>\t\t\t\t\t\t<\/div>\n\t\t\t\t<\/div>\n\t\t\t\t\t<\/div>\n\t\t<\/div>\n\t\t\t\t\t\t\t<\/div>\n\t\t<\/section>\n\t\t\t\t\t<\/div>\n\t\t<\/div>\n\t\t\t\t\t\t\t<\/div>\n\t\t<\/section>\n\t\t\t\t<section class=\"elementor-section elementor-top-section elementor-element elementor-element-16e6bbc elementor-section-boxed elementor-section-height-default elementor-section-height-default\" data-id=\"16e6bbc\" data-element_type=\"section\" data-settings=\"{&quot;background_background&quot;:&quot;classic&quot;}\">\n\t\t\t\t\t\t<div class=\"elementor-container elementor-column-gap-default\">\n\t\t\t\t\t<div class=\"elementor-column elementor-col-100 elementor-top-column elementor-element elementor-element-ca88c5a\" data-id=\"ca88c5a\" data-element_type=\"column\" data-settings=\"{&quot;background_background&quot;:&quot;classic&quot;}\">\n\t\t\t<div class=\"elementor-widget-wrap elementor-element-populated\">\n\t\t\t\t\t\t\t\t<div class=\"elementor-element elementor-element-21cd8ea elementor-widget elementor-widget-image\" data-id=\"21cd8ea\" data-element_type=\"widget\" data-widget_type=\"image.default\">\n\t\t\t\t<div class=\"elementor-widget-container\">\n\t\t\t\t\t\t\t\t\t\t\t\t\t\t\t<img width=\"1024\" height=\"395\" src=\"https:\/\/ikala.cloud\/wp-content\/uploads\/2022\/01\/Ban2-1024x395.jpg\" class=\"attachment-large size-large\" alt=\"\" srcset=\"https:\/\/ikala.cloud\/wp-content\/uploads\/2022\/01\/Ban2-1024x395.jpg 1024w, https:\/\/ikala.cloud\/wp-content\/uploads\/2022\/01\/Ban2-300x116.jpg 300w, https:\/\/ikala.cloud\/wp-content\/uploads\/2022\/01\/Ban2-768x296.jpg 768w, https:\/\/ikala.cloud\/wp-content\/uploads\/2022\/01\/Ban2-1536x592.jpg 1536w, https:\/\/ikala.cloud\/wp-content\/uploads\/2022\/01\/Ban2-2048x790.jpg 2048w\" sizes=\"(max-width: 1024px) 100vw, 1024px\" \/>\t\t\t\t\t\t\t\t\t\t\t\t\t\t\t<\/div>\n\t\t\t\t<\/div>\n\t\t\t\t\t<\/div>\n\t\t<\/div>\n\t\t\t\t\t\t\t<\/div>\n\t\t<\/section>\n\t\t\t\t<section class=\"elementor-section elementor-top-section elementor-element elementor-element-2af150a elementor-section-boxed elementor-section-height-default elementor-section-height-default\" data-id=\"2af150a\" data-element_type=\"section\" data-settings=\"{&quot;background_background&quot;:&quot;classic&quot;}\">\n\t\t\t\t\t\t<div class=\"elementor-container elementor-column-gap-default\">\n\t\t\t\t\t<div class=\"elementor-column elementor-col-100 elementor-top-column elementor-element elementor-element-cecf18c\" data-id=\"cecf18c\" data-element_type=\"column\" data-settings=\"{&quot;background_background&quot;:&quot;classic&quot;}\">\n\t\t\t<div class=\"elementor-widget-wrap elementor-element-populated\">\n\t\t\t\t\t\t\t\t<section class=\"elementor-section elementor-inner-section elementor-element elementor-element-292b62d elementor-section-boxed elementor-section-height-default elementor-section-height-default\" data-id=\"292b62d\" data-element_type=\"section\" data-settings=\"{&quot;background_background&quot;:&quot;classic&quot;}\">\n\t\t\t\t\t\t<div class=\"elementor-container elementor-column-gap-default\">\n\t\t\t\t\t<div class=\"elementor-column elementor-col-33 elementor-inner-column elementor-element elementor-element-21e2990\" data-id=\"21e2990\" data-element_type=\"column\">\n\t\t\t<div class=\"elementor-widget-wrap elementor-element-populated\">\n\t\t\t\t\t\t\t\t<div class=\"elementor-element elementor-element-342aca5 elementor-widget elementor-widget-counter\" data-id=\"342aca5\" data-element_type=\"widget\" data-widget_type=\"counter.default\">\n\t\t\t\t<div class=\"elementor-widget-container\">\n\t\t\t<style>\/*! elementor - v3.7.1 - 14-08-2022 *\/\n.elementor-counter .elementor-counter-number-wrapper{display:-webkit-box;display:-ms-flexbox;display:flex;font-size:69px;font-weight:600;line-height:1}.elementor-counter .elementor-counter-number-prefix,.elementor-counter .elementor-counter-number-suffix{-webkit-box-flex:1;-ms-flex-positive:1;flex-grow:1;white-space:pre-wrap}.elementor-counter .elementor-counter-number-prefix{text-align:right}.elementor-counter .elementor-counter-number-suffix{text-align:left}.elementor-counter .elementor-counter-title{text-align:center;font-size:19px;font-weight:400;line-height:2.5}<\/style>\t\t<div class=\"elementor-counter\">\n\t\t\t<div class=\"elementor-counter-number-wrapper\">\n\t\t\t\t<span class=\"elementor-counter-number-prefix\"><\/span>\n\t\t\t\t<span class=\"elementor-counter-number\" data-duration=\"2000\" data-to-value=\"50\" data-from-value=\"0\" data-delimiter=\",\">0<\/span>\n\t\t\t\t<span class=\"elementor-counter-number-suffix\">+<\/span>\n\t\t\t<\/div>\n\t\t\t\t\t\t\t<div class=\"elementor-counter-title\">K\u1ef9 S\u01b0 D\u1eef Li\u1ec7u<\/div>\n\t\t\t\t\t<\/div>\n\t\t\t\t<\/div>\n\t\t\t\t<\/div>\n\t\t\t\t\t<\/div>\n\t\t<\/div>\n\t\t\t\t<div class=\"elementor-column elementor-col-33 elementor-inner-column elementor-element elementor-element-328fd30\" data-id=\"328fd30\" data-element_type=\"column\">\n\t\t\t<div class=\"elementor-widget-wrap elementor-element-populated\">\n\t\t\t\t\t\t\t\t<div class=\"elementor-element elementor-element-d5d719d elementor-widget elementor-widget-counter\" data-id=\"d5d719d\" data-element_type=\"widget\" data-widget_type=\"counter.default\">\n\t\t\t\t<div class=\"elementor-widget-container\">\n\t\t\t\t\t<div class=\"elementor-counter\">\n\t\t\t<div class=\"elementor-counter-number-wrapper\">\n\t\t\t\t<span class=\"elementor-counter-number-prefix\"><\/span>\n\t\t\t\t<span class=\"elementor-counter-number\" data-duration=\"2000\" data-to-value=\"60\" data-from-value=\"0\" data-delimiter=\",\">0<\/span>\n\t\t\t\t<span class=\"elementor-counter-number-suffix\">+<\/span>\n\t\t\t<\/div>\n\t\t\t\t\t\t\t<div class=\"elementor-counter-title\">Ch\u1ee9ng ch\u1ec9 v\u1ec1 \u0111\u00e1m m\u00e2y<\/div>\n\t\t\t\t\t<\/div>\n\t\t\t\t<\/div>\n\t\t\t\t<\/div>\n\t\t\t\t\t<\/div>\n\t\t<\/div>\n\t\t\t\t<div class=\"elementor-column elementor-col-33 elementor-inner-column elementor-element elementor-element-77cd761\" data-id=\"77cd761\" data-element_type=\"column\">\n\t\t\t<div class=\"elementor-widget-wrap elementor-element-populated\">\n\t\t\t\t\t\t\t\t<div class=\"elementor-element elementor-element-058f532 elementor-widget elementor-widget-counter\" data-id=\"058f532\" data-element_type=\"widget\" data-widget_type=\"counter.default\">\n\t\t\t\t<div class=\"elementor-widget-container\">\n\t\t\t\t\t<div class=\"elementor-counter\">\n\t\t\t<div class=\"elementor-counter-number-wrapper\">\n\t\t\t\t<span class=\"elementor-counter-number-prefix\"><\/span>\n\t\t\t\t<span class=\"elementor-counter-number\" data-duration=\"2000\" data-to-value=\"1000\" data-from-value=\"0\" data-delimiter=\",\">0<\/span>\n\t\t\t\t<span class=\"elementor-counter-number-suffix\">+<\/span>\n\t\t\t<\/div>\n\t\t\t\t\t\t\t<div class=\"elementor-counter-title\">Kh\u00e1ch h\u00e0ng khu v\u1ef1c Ch\u00e2u \u00c1 Th\u00e1i B\u00ecnh D\u01b0\u01a1ng (APAC)<\/div>\n\t\t\t\t\t<\/div>\n\t\t\t\t<\/div>\n\t\t\t\t<\/div>\n\t\t\t\t\t<\/div>\n\t\t<\/div>\n\t\t\t\t\t\t\t<\/div>\n\t\t<\/section>\n\t\t\t\t\t<\/div>\n\t\t<\/div>\n\t\t\t\t\t\t\t<\/div>\n\t\t<\/section>\n\t\t\t\t\t\t\t<\/div>\n\t\t","protected":false},"excerpt":{"rendered":"<p>V\u1ec1 iKala Cloud T\u1ea1i sao iKala Cloud l\u00e0 l\u1ef1a ch\u1ecdn t\u1ed1t nh\u1ea5t cho b\u1ea1n? iKala Cloud l\u00e0 \u0111\u1ed1i t\u00e1c t\u1ed1t nh\u1ea5t cho c\u00e1c doanh nghi\u1ec7p tham gia trong qu\u00e1 tr\u00ecnh bi\u1ebfn \u0111\u1ed5i s\u1ed1. Trong nhi\u1ec1u n\u0103m, iKala Cloud \u0111\u00e3 t\u00edch c\u1ef1c tham gia trong l\u0129nh v\u1ef1c c\u00f4ng ngh\u1ec7 \u0110\u00e1m m\u00e2y (Cloud) v\u00e0 Tr\u00ed tu\u1ec7 nh\u00e2n &hellip;<\/p>\n<p class=\"read-more\"> <a class=\"\" href=\"https:\/\/ikala.cloud\/vi\/about\"> <span class=\"screen-reader-text\">About Us<\/span> Read More \u00bb<\/a><\/p>\n","protected":false},"author":1,"featured_media":0,"parent":0,"menu_order":0,"comment_status":"closed","ping_status":"closed","template":"","meta":{"inline_featured_image":false,"site-sidebar-layout":"no-sidebar","site-content-layout":"page-builder","ast-global-header-display":"","ast-main-header-display":"","ast-hfb-above-header-display":"","ast-hfb-below-header-display":"","ast-hfb-mobile-header-display":"","site-post-title":"disabled","ast-breadcrumbs-content":"","ast-featured-img":"disabled","footer-sml-layout":"","theme-transparent-header-meta":"default","adv-header-id-meta":"","stick-header-meta":"default","header-above-stick-meta":"","header-main-stick-meta":"","header-below-stick-meta":""},"acf":[],"aioseo_notices":[],"_links":{"self":[{"href":"https:\/\/ikala.cloud\/vi\/wp-json\/wp\/v2\/pages\/38368"}],"collection":[{"href":"https:\/\/ikala.cloud\/vi\/wp-json\/wp\/v2\/pages"}],"about":[{"href":"https:\/\/ikala.cloud\/vi\/wp-json\/wp\/v2\/types\/page"}],"author":[{"embeddable":true,"href":"https:\/\/ikala.cloud\/vi\/wp-json\/wp\/v2\/users\/1"}],"replies":[{"embeddable":true,"href":"https:\/\/ikala.cloud\/vi\/wp-json\/wp\/v2\/comments?post=38368"}],"version-history":[{"count":0,"href":"https:\/\/ikala.cloud\/vi\/wp-json\/wp\/v2\/pages\/38368\/revisions"}],"wp:attachment":[{"href":"https:\/\/ikala.cloud\/vi\/wp-json\/wp\/v2\/media?parent=38368"}],"curies":[{"name":"wp","href":"https:\/\/api.w.org\/{rel}","templated":true}]}}